{"id":480,"date":"2013-03-20T19:58:57","date_gmt":"2013-03-20T19:58:57","guid":{"rendered":"http:\/\/wp.fwv-sierksdorf.de\/?page_id=480"},"modified":"2013-04-19T17:48:29","modified_gmt":"2013-04-19T17:48:29","slug":"marz","status":"publish","type":"page","link":"https:\/\/fwv-sierksdorf.de\/?page_id=480","title":{"rendered":"M\u00e4rz 2013"},"content":{"rendered":"\r\nFWV - Sierksdorf\r\n\r\nWahl - Spezial\r\n\r\nM\u00e4rz 2013\r\n\r\n&nbsp;\r\n\r\nWeitere Vorstellungen f\u00fcr die n\u00e4chsten <a href=\"https:\/\/fwv-sierksdorf.de\/?page_id=480\" class=\"more-link\">....weiterlesen<\/a>","protected":false},"excerpt":{"rendered":"<p>FWV &#8211; Sierksdorf Wahl &#8211; Spezial M\u00e4rz 2013 &nbsp; Weitere Vorstellungen f\u00fcr die n\u00e4chsten &#8230;.weiterlesen<\/p>\n","protected":false},"author":1,"featured_media":0,"parent":426,"menu_order":4,"comment_status":"open","ping_status":"open","template":"onecolumn-page.php","meta":{"footnotes":""},"class_list":["post-480","page","type-page","status-publish","hentry"],"_links":{"self":[{"href":"https:\/\/fwv-sierksdorf.de\/index.php?rest_route=\/wp\/v2\/pages\/480","targetHints":{"allow":["GET"]}}],"collection":[{"href":"https:\/\/fwv-sierksdorf.de\/index.php?rest_route=\/wp\/v2\/pages"}],"about":[{"href":"https:\/\/fwv-sierksdorf.de\/index.php?rest_route=\/wp\/v2\/types\/page"}],"author":[{"embeddable":true,"href":"https:\/\/fwv-sierksdorf.de\/index.php?rest_route=\/wp\/v2\/users\/1"}],"replies":[{"embeddable":true,"href":"https:\/\/fwv-sierksdorf.de\/index.php?rest_route=%2Fwp%2Fv2%2Fcomments&post=480"}],"version-history":[{"count":11,"href":"https:\/\/fwv-sierksdorf.de\/index.php?rest_route=\/wp\/v2\/pages\/480\/revisions"}],"predecessor-version":[{"id":570,"href":"https:\/\/fwv-sierksdorf.de\/index.php?rest_route=\/wp\/v2\/pages\/480\/revisions\/570"}],"up":[{"embeddable":true,"href":"https:\/\/fwv-sierksdorf.de\/index.php?rest_route=\/wp\/v2\/pages\/426"}],"wp:attachment":[{"href":"https:\/\/fwv-sierksdorf.de\/index.php?rest_route=%2Fwp%2Fv2%2Fmedia&parent=480"}],"curies":[{"name":"wp","href":"https:\/\/api.w.org\/{rel}","templated":true}]}}